{"id":5304,"date":"2021-09-10T07:41:54","date_gmt":"2021-09-10T07:41:54","guid":{"rendered":"https:\/\/numerus-veritas.com\/?page_id=5304"},"modified":"2024-12-11T12:41:33","modified_gmt":"2024-12-11T12:41:33","slug":"imprint","status":"publish","type":"page","link":"https:\/\/numerus-veritas.com\/en\/impressum\/","title":{"rendered":"Imprint"},"content":{"rendered":"<div data-elementor-type=\"wp-page\" data-elementor-id=\"5304\" class=\"elementor elementor-5304\">\n\t\t\t\t\t\t<section class=\"elementor-section elementor-top-section elementor-element elementor-element-1094fb94 elementor-section-boxed elementor-section-height-default elementor-section-height-default wpr-particle-no wpr-jarallax-no wpr-parallax-no wpr-sticky-section-no wpr-column-slider-no wpr-equal-height-no\" data-id=\"1094fb94\" data-element_type=\"section\" data-e-type=\"section\">\n\t\t\t\t\t\t<div class=\"elementor-container elementor-column-gap-default\">\n\t\t\t\t\t<div class=\"elementor-column elementor-col-100 elementor-top-column elementor-element elementor-element-6e38c632\" data-id=\"6e38c632\" data-element_type=\"column\" data-e-type=\"column\">\n\t\t\t<div class=\"elementor-widget-wrap elementor-element-populated\">\n\t\t\t\t\t\t<div class=\"elementor-element elementor-element-7ab4f4ac elementor-widget elementor-widget-text-editor\" data-id=\"7ab4f4ac\" data-element_type=\"widget\" data-e-type=\"widget\" data-widget_type=\"text-editor.default\">\n\t\t\t\t<div class=\"elementor-widget-container\">\n\t\t\t\t\t\t\t\t\t<p><strong>Information pursuant to Section 18 (2) of the State Media Treaty<\/strong><\/p>\n<p>Numerus Veritas GmbH<br \/>Rodolphe Merle, Peter Schunck, Markus Heuser<br \/>Albert-Schweitzer-Str. 10<br \/>82008 Unterhaching<br \/>Germany<\/p>\n<p><strong>Represented by:<\/strong>\u00a0Rodolphe Merle, Peter Schunck, Markus Heuser<\/p>\n<p><strong>Contact:<\/strong><br \/>Phone: 4915125339201<br \/>E-mail: info@numerus-veritas.eu<\/p>\n<p><strong>Register entry:<\/strong><br \/>Register: Commercial register<br \/>Register location: Munich<br \/>Register number: HRB 221161<\/p>\n<p><strong>VAT number:<\/strong>\u00a0DE302145883<\/p>\n<p><strong>Disclaimer<\/strong><\/p>\n<p><strong>Liability for links:<\/strong><br \/>Our website contains links to external third-party websites over whose content we have no influence. Therefore, we cannot accept any liability for this third-party content. The respective provider or operator of the pages is always responsible for the content of the linked pages. The linked pages were checked for possible legal violations at the time of linking. Illegal contents were not recognisable at the time of linking. However, permanent monitoring of the content of the linked pages is not reasonable without concrete evidence of an infringement. If we become aware of any legal infringements, we will remove such links immediately.<\/p>\n<p><strong>Liability for content:<\/strong><br \/>The content of our website has been compiled with the greatest care. However, we cannot accept any liability for the accuracy, completeness and topicality of the content. As a service provider, we are responsible for our own content on these pages in accordance with \u00a7 7 para. 1 TMG (German Telemedia Act) and general laws. According to \u00a7 8 to 10 TMG, however, we as a service provider are not obliged to monitor transmitted or stored third-party information or to investigate circumstances that indicate illegal activity. Obligations to remove or block the use of information in accordance with general legislation remain unaffected by this. However, liability in this respect is only possible from the time of knowledge of a specific infringement. As soon as we become aware of such infringements, we will remove this content immediately.<\/p>\n<p><strong>Copyright<\/strong><br \/>The content and works created by the site operators on these pages are subject to German copyright law. Duplication, processing, distribution and any kind of utilisation outside the limits of copyright law require the written consent of the respective author or creator. Downloads and copies of this site are only permitted for private, non-commercial use. Insofar as the content on this site was not created by the operator, the copyrights of third parties are respected. In particular, third-party content is labelled as such. Should you nevertheless become aware of a copyright infringement, please inform us accordingly. If we become aware of any infringements, we will remove such content immediately.<\/p>\n<p><strong>Responsible for the content according to \u00a7 55 Abs. 2 RStV<br \/><\/strong>Numerus Veritas GmbH<br \/>Rodolphe Merle, Peter Schunck, Markus Heuser<br \/>Albert-Schweitzer-Str. 10<br \/>82008 Unterhaching<br \/>Germany<\/p>\n<p><strong>Online dispute settlement<br \/><\/strong>Online dispute settlement according to Art. 14 para. 1 ODR-VO: The European Commission provides a platform for Online Dispute Settlement (OS), which you can find at\u00a0<a href=\"http:\/\/ec.europa.eu\/consumers\/odr\/\">http:\/\/ec.europa.eu\/consumers\/odr\/<\/a>\u00a0.<\/p>\t\t\t\t\t\t\t\t<\/div>\n\t\t\t\t<\/div>\n\t\t\t\t\t<\/div>\n\t\t<\/div>\n\t\t\t\t\t<\/div>\n\t\t<\/section>\n\t\t\t\t<\/div>","protected":false},"excerpt":{"rendered":"<p>Information according to \u00a7 18 Abs. 2 Medienstaatsvertrag Numerus Veritas GmbHRodolphe Merle, Peter Schunck, Markus HeuserAlbert-Schweitzer-Str. 1082008 UnterhachingGermany Represented by: Rodolphe Merle, Peter Schunck, Markus Heuser Contact:Phone: 4915125339201E-mail: info@numerus-veritas.eu Register entry:Register: Commercial RegisterRegister location: MunichRegister number: HRB 221161 Sales tax number: DE302145883 Disclaimer Liability for links:Our website contains links to external third-party websites over whose content we have no influence. Therefore, we cannot accept any liability for this external content. The respective provider or operator of the pages is always responsible for the content of the linked pages. The linked pages were checked for possible legal violations at the time of linking. Illegal contents were not recognisable at the time of linking. However, permanent monitoring of the content of the linked pages is not reasonable without concrete evidence of an infringement. If we become aware of any legal infringements, we will remove such links immediately. Liability for content:The content of our website has been created with the utmost care. However, we cannot accept any liability for the accuracy, completeness and topicality of the content. As a service provider, we are responsible for our own content on these pages in accordance with \u00a7 7 para.1 TMG (German Telemedia Act) and general laws. According to \u00a7 8 to 10 TMG, however, we as a service provider are not obliged to monitor transmitted or stored third-party information or to investigate circumstances that indicate illegal activity. Obligations to remove or block the use of information in accordance with general legislation remain unaffected by this. However, liability in this respect is only possible from the time of knowledge of a specific infringement. As soon as we become aware of such infringements, we will remove this content immediately. CopyrightThe content and works created by the site operators on these pages are subject to German copyright law. Duplication, processing, distribution and any kind of utilisation outside the limits of copyright law require the written consent of the respective author or creator. Downloads and copies of this site are only permitted for private, non-commercial use. Insofar as the content on this site was not created by the operator, the copyrights of third parties are respected. In particular, third-party content is labelled as such. Should you nevertheless become aware of a copyright infringement, please inform us accordingly. If we become aware of any infringements, we will remove such content immediately. Responsible for the content according to \u00a7 55 Abs. 2 RStVNumerus Veritas GmbHRodolphe Merle, Peter Schunck, Markus HeuserAlbert-Schweitzer-Str. 1082008 UnterhachingGermany Online dispute settlementOnline dispute settlement according to Art. 14 para. 1 ODR-VO: The European Commission provides a platform for Online Dispute Settlement (OS), which you can find at http:\/\/ec.europa.eu\/consumers\/odr\/ .<\/p>","protected":false},"author":4,"featured_media":0,"parent":0,"menu_order":0,"comment_status":"closed","ping_status":"closed","template":"","meta":{"inline_featured_image":false,"site-sidebar-layout":"default","site-content-layout":"","ast-site-content-layout":"default","site-content-style":"default","site-sidebar-style":"default","ast-global-header-display":"","ast-banner-title-visibility":"","ast-main-header-display":"","ast-hfb-above-header-display":"","ast-hfb-below-header-display":"","ast-hfb-mobile-header-display":"","site-post-title":"","ast-breadcrumbs-content":"","ast-featured-img":"","footer-sml-layout":"","ast-disable-related-posts":"","theme-transparent-header-meta":"","adv-header-id-meta":"","stick-header-meta":"","header-above-stick-meta":"","header-main-stick-meta":"","header-below-stick-meta":"","astra-migrate-meta-layouts":"default","ast-page-background-enabled":"default","ast-page-background-meta":{"desktop":{"background-color":"var(--ast-global-color-4)","background-image":"","background-repeat":"repeat","background-position":"center center","background-size":"auto","background-attachment":"scroll","background-type":"","background-media":"","overlay-type":"","overlay-color":"","overlay-opacity":"","overlay-gradient":""},"tablet":{"background-color":"","background-image":"","background-repeat":"repeat","background-position":"center center","background-size":"auto","background-attachment":"scroll","background-type":"","background-media":"","overlay-type":"","overlay-color":"","overlay-opacity":"","overlay-gradient":""},"mobile":{"background-color":"","background-image":"","background-repeat":"repeat","background-position":"center center","background-size":"auto","background-attachment":"scroll","background-type":"","background-media":"","overlay-type":"","overlay-color":"","overlay-opacity":"","overlay-gradient":""}},"ast-content-background-meta":{"desktop":{"background-color":"var(--ast-global-color-5)","background-image":"","background-repeat":"repeat","background-position":"center center","background-size":"auto","background-attachment":"scroll","background-type":"","background-media":"","overlay-type":"","overlay-color":"","overlay-opacity":"","overlay-gradient":""},"tablet":{"background-color":"var(--ast-global-color-5)","background-image":"","background-repeat":"repeat","background-position":"center center","background-size":"auto","background-attachment":"scroll","background-type":"","background-media":"","overlay-type":"","overlay-color":"","overlay-opacity":"","overlay-gradient":""},"mobile":{"background-color":"var(--ast-global-color-5)","background-image":"","background-repeat":"repeat","background-position":"center center","background-size":"auto","background-attachment":"scroll","background-type":"","background-media":"","overlay-type":"","overlay-color":"","overlay-opacity":"","overlay-gradient":""}},"footnotes":""},"class_list":["post-5304","page","type-page","status-publish","hentry"],"yoast_head":"<!-- This site is optimized with the Yoast SEO plugin v27.5 - https:\/\/yoast.com\/product\/yoast-seo-wordpress\/ -->\n<title>Impressum - Numerus Veritas<\/title>\n<meta name=\"robots\" content=\"noindex, nofollow\" \/>\n<meta property=\"og:locale\" content=\"en_GB\" \/>\n<meta property=\"og:type\" content=\"article\" \/>\n<meta property=\"og:title\" content=\"Impressum - Numerus Veritas\" \/>\n<meta property=\"og:description\" content=\"Angaben gem\u00e4\u00df \u00a7 18 Abs. 2 Medienstaatsvertrag Numerus Veritas GmbHRodolphe Merle, Peter Schunck, Markus HeuserAlbert-Schweitzer-Str. 1082008 UnterhachingGermany Vertreten durch:\u00a0Rodolphe Merle, Peter Schunck, Markus Heuser Kontakt:Telefon: 4915125339201E-Mail: info@numerus-veritas.eu Registereintrag:Register: HandelsregisterRegister Ort: MunichRegisternummer: HRB 221161 Umsatzsteuernummer:\u00a0DE302145883 Haftungsausschluss Haftung f\u00fcr Links:Unser Angebot enth\u00e4lt Links zu externen Webseiten Dritter, auf deren Inhalte wir keinen Einfluss haben. Deshalb k\u00f6nnen wir f\u00fcr diese fremden Inhalte auch keine Gew\u00e4hr \u00fcbernehmen. F\u00fcr die Inhalte der verlinkten Seiten ist stets der jeweilige Anbieter oder Betreiber der Seiten verantwortlich. Die verlinkten Seiten wurden zum Zeitpunkt der Verlinkung auf m\u00f6gliche Rechtsverst\u00f6\u00dfe \u00fcberpr\u00fcft. Rechtswidrige Inhalte waren zum Zeitpunkt der Verlinkung nicht erkennbar. Eine permanente inhaltliche Kontrolle der verlinkten Seiten ist jedoch ohne konkrete Anhaltspunkte einer Rechtsverletzung nicht zumutbar. Bei Bekanntwerden von Rechtsverletzungen werden wir derartige Links umgehend entfernen. Haftung f\u00fcr Inhalt:Die Inhalte unserer Seiten wurden mit gr\u00f6\u00dfter Sorgfalt erstellt. F\u00fcr die Richtigkeit, Vollst\u00e4ndigkeit und Aktualit\u00e4t der Inhalte k\u00f6nnen wir jedoch keine Gew\u00e4hr \u00fcbernehmen. Als Diensteanbieter sind wir gem\u00e4\u00df \u00a7 7 Abs.1 TMG f\u00fcr eigene Inhalte auf diesen Seiten nach den allgemeinen Gesetzen verantwortlich. Nach \u00a7 8 bis 10 TMG sind wir als Diensteanbieter jedoch nicht verpflichtet, \u00fcbermittelte oder gespeicherte fremde Informationen zu \u00fcberwachen oder nach Umst\u00e4nden zu forschen, die auf eine rechtswidrige T\u00e4tigkeit hinweisen. Verpflichtungen zur Entfernung oder Sperrung der Nutzung von Informationen nach den allgemeinen Gesetzen bleiben hiervon unber\u00fchrt. Eine diesbez\u00fcgliche Haftung ist jedoch erst ab dem Zeitpunkt der Kenntnis einer konkreten Rechtsverletzung m\u00f6glich. Bei Bekanntwerden von entsprechenden Rechtsverletzungen werden wir diese Inhalte umgehend entfernen. UrheberrechtDie durch die Seitenbetreiber erstellten Inhalte und Werke auf diesen Seiten unterliegen dem deutschen Urheberrecht. Die Vervielf\u00e4ltigung, Bearbeitung, Verbreitung und jede Art der Verwertung au\u00dferhalb der Grenzen des Urheberrechtes bed\u00fcrfen der schriftlichen Zustimmung des jeweiligen Autors bzw. Erstellers. Downloads und Kopien dieser Seite sind nur f\u00fcr den privaten, nicht kommerziellen Gebrauch gestattet. Soweit die Inhalte auf dieser Seite nicht vom Betreiber erstellt wurden, werden die Urheberrechte Dritter beachtet. Insbesondere werden Inhalte Dritter als solche gekennzeichnet. Sollten Sie trotzdem auf eine Urheberrechtsverletzung aufmerksam werden, bitten wir um einen entsprechenden Hinweis. Bei Bekanntwerden von Rechtsverletzungen werden wir derartige Inhalte umgehend entfernen. Responsible for the content according to \u00a7 55 Abs. 2 RStVNumerus Veritas GmbHRodolphe Merle, Peter Schunck, Markus HeuserAlbert-Schweitzer-Str. 1082008 UnterhachingGermany Online dispute settlementOnline dispute settlement according to Art. 14 para. 1 ODR-VO: The European Commission provides a platform for Online Dispute Settlement (OS), which you can find at\u00a0http:\/\/ec.europa.eu\/consumers\/odr\/\u00a0.\" \/>\n<meta property=\"og:url\" content=\"https:\/\/numerus-veritas.com\/en\/imprint\/\" \/>\n<meta property=\"og:site_name\" content=\"Numerus Veritas\" \/>\n<meta property=\"article:modified_time\" content=\"2024-12-11T12:41:33+00:00\" \/>\n<meta name=\"twitter:card\" content=\"summary_large_image\" \/>\n<meta name=\"twitter:label1\" content=\"Estimated reading time\" \/>\n\t<meta name=\"twitter:data1\" content=\"2 minutes\" \/>\n<script type=\"application\/ld+json\" class=\"yoast-schema-graph\">{\"@context\":\"https:\\\/\\\/schema.org\",\"@graph\":[{\"@type\":\"WebPage\",\"@id\":\"https:\\\/\\\/numerus-veritas.com\\\/impressum\\\/\",\"url\":\"https:\\\/\\\/numerus-veritas.com\\\/impressum\\\/\",\"name\":\"Impressum - Numerus Veritas\",\"isPartOf\":{\"@id\":\"https:\\\/\\\/numerus-veritas.com\\\/#website\"},\"datePublished\":\"2021-09-10T07:41:54+00:00\",\"dateModified\":\"2024-12-11T12:41:33+00:00\",\"breadcrumb\":{\"@id\":\"https:\\\/\\\/numerus-veritas.com\\\/impressum\\\/#breadcrumb\"},\"inLanguage\":\"en-GB\",\"potentialAction\":[{\"@type\":\"ReadAction\",\"target\":[\"https:\\\/\\\/numerus-veritas.com\\\/impressum\\\/\"]}]},{\"@type\":\"BreadcrumbList\",\"@id\":\"https:\\\/\\\/numerus-veritas.com\\\/impressum\\\/#breadcrumb\",\"itemListElement\":[{\"@type\":\"ListItem\",\"position\":1,\"name\":\"Home\",\"item\":\"https:\\\/\\\/numerus-veritas.com\\\/\"},{\"@type\":\"ListItem\",\"position\":2,\"name\":\"Impressum\"}]},{\"@type\":\"WebSite\",\"@id\":\"https:\\\/\\\/numerus-veritas.com\\\/#website\",\"url\":\"https:\\\/\\\/numerus-veritas.com\\\/\",\"name\":\"Numerus Veritas\",\"description\":\"Pricing! Not Guessing\",\"publisher\":{\"@id\":\"https:\\\/\\\/numerus-veritas.com\\\/#organization\"},\"potentialAction\":[{\"@type\":\"SearchAction\",\"target\":{\"@type\":\"EntryPoint\",\"urlTemplate\":\"https:\\\/\\\/numerus-veritas.com\\\/?s={search_term_string}\"},\"query-input\":{\"@type\":\"PropertyValueSpecification\",\"valueRequired\":true,\"valueName\":\"search_term_string\"}}],\"inLanguage\":\"en-GB\"},{\"@type\":\"Organization\",\"@id\":\"https:\\\/\\\/numerus-veritas.com\\\/#organization\",\"name\":\"Numerus Veritas\",\"url\":\"https:\\\/\\\/numerus-veritas.com\\\/\",\"logo\":{\"@type\":\"ImageObject\",\"inLanguage\":\"en-GB\",\"@id\":\"https:\\\/\\\/numerus-veritas.com\\\/#\\\/schema\\\/logo\\\/image\\\/\",\"url\":\"https:\\\/\\\/numerus-veritas.com\\\/wp-content\\\/uploads\\\/2024\\\/09\\\/Logo_Numerus-Veritas.png\",\"contentUrl\":\"https:\\\/\\\/numerus-veritas.com\\\/wp-content\\\/uploads\\\/2024\\\/09\\\/Logo_Numerus-Veritas.png\",\"width\":120,\"height\":120,\"caption\":\"Numerus Veritas\"},\"image\":{\"@id\":\"https:\\\/\\\/numerus-veritas.com\\\/#\\\/schema\\\/logo\\\/image\\\/\"}}]}<\/script>\n<!-- \/ Yoast SEO plugin. -->","yoast_head_json":{"title":"Imprint - Numerus Veritas","robots":{"index":"noindex","follow":"nofollow"},"og_locale":"en_GB","og_type":"article","og_title":"Impressum - Numerus Veritas","og_description":"Angaben gem\u00e4\u00df \u00a7 18 Abs. 2 Medienstaatsvertrag Numerus Veritas GmbHRodolphe Merle, Peter Schunck, Markus HeuserAlbert-Schweitzer-Str. 1082008 UnterhachingGermany Vertreten durch:\u00a0Rodolphe Merle, Peter Schunck, Markus Heuser Kontakt:Telefon: 4915125339201E-Mail: info@numerus-veritas.eu Registereintrag:Register: HandelsregisterRegister Ort: MunichRegisternummer: HRB 221161 Umsatzsteuernummer:\u00a0DE302145883 Haftungsausschluss Haftung f\u00fcr Links:Unser Angebot enth\u00e4lt Links zu externen Webseiten Dritter, auf deren Inhalte wir keinen Einfluss haben. Deshalb k\u00f6nnen wir f\u00fcr diese fremden Inhalte auch keine Gew\u00e4hr \u00fcbernehmen. F\u00fcr die Inhalte der verlinkten Seiten ist stets der jeweilige Anbieter oder Betreiber der Seiten verantwortlich. Die verlinkten Seiten wurden zum Zeitpunkt der Verlinkung auf m\u00f6gliche Rechtsverst\u00f6\u00dfe \u00fcberpr\u00fcft. Rechtswidrige Inhalte waren zum Zeitpunkt der Verlinkung nicht erkennbar. Eine permanente inhaltliche Kontrolle der verlinkten Seiten ist jedoch ohne konkrete Anhaltspunkte einer Rechtsverletzung nicht zumutbar. Bei Bekanntwerden von Rechtsverletzungen werden wir derartige Links umgehend entfernen. Haftung f\u00fcr Inhalt:Die Inhalte unserer Seiten wurden mit gr\u00f6\u00dfter Sorgfalt erstellt. F\u00fcr die Richtigkeit, Vollst\u00e4ndigkeit und Aktualit\u00e4t der Inhalte k\u00f6nnen wir jedoch keine Gew\u00e4hr \u00fcbernehmen. Als Diensteanbieter sind wir gem\u00e4\u00df \u00a7 7 Abs.1 TMG f\u00fcr eigene Inhalte auf diesen Seiten nach den allgemeinen Gesetzen verantwortlich. Nach \u00a7 8 bis 10 TMG sind wir als Diensteanbieter jedoch nicht verpflichtet, \u00fcbermittelte oder gespeicherte fremde Informationen zu \u00fcberwachen oder nach Umst\u00e4nden zu forschen, die auf eine rechtswidrige T\u00e4tigkeit hinweisen. Verpflichtungen zur Entfernung oder Sperrung der Nutzung von Informationen nach den allgemeinen Gesetzen bleiben hiervon unber\u00fchrt. Eine diesbez\u00fcgliche Haftung ist jedoch erst ab dem Zeitpunkt der Kenntnis einer konkreten Rechtsverletzung m\u00f6glich. Bei Bekanntwerden von entsprechenden Rechtsverletzungen werden wir diese Inhalte umgehend entfernen. UrheberrechtDie durch die Seitenbetreiber erstellten Inhalte und Werke auf diesen Seiten unterliegen dem deutschen Urheberrecht. Die Vervielf\u00e4ltigung, Bearbeitung, Verbreitung und jede Art der Verwertung au\u00dferhalb der Grenzen des Urheberrechtes bed\u00fcrfen der schriftlichen Zustimmung des jeweiligen Autors bzw. Erstellers. Downloads und Kopien dieser Seite sind nur f\u00fcr den privaten, nicht kommerziellen Gebrauch gestattet. Soweit die Inhalte auf dieser Seite nicht vom Betreiber erstellt wurden, werden die Urheberrechte Dritter beachtet. Insbesondere werden Inhalte Dritter als solche gekennzeichnet. Sollten Sie trotzdem auf eine Urheberrechtsverletzung aufmerksam werden, bitten wir um einen entsprechenden Hinweis. Bei Bekanntwerden von Rechtsverletzungen werden wir derartige Inhalte umgehend entfernen. Responsible for the content according to \u00a7 55 Abs. 2 RStVNumerus Veritas GmbHRodolphe Merle, Peter Schunck, Markus HeuserAlbert-Schweitzer-Str. 1082008 UnterhachingGermany Online dispute settlementOnline dispute settlement according to Art. 14 para. 1 ODR-VO: The European Commission provides a platform for Online Dispute Settlement (OS), which you can find at\u00a0http:\/\/ec.europa.eu\/consumers\/odr\/\u00a0.","og_url":"https:\/\/numerus-veritas.com\/en\/imprint\/","og_site_name":"Numerus Veritas","article_modified_time":"2024-12-11T12:41:33+00:00","twitter_card":"summary_large_image","twitter_misc":{"Estimated reading time":"2 minutes"},"schema":{"@context":"https:\/\/schema.org","@graph":[{"@type":"WebPage","@id":"https:\/\/numerus-veritas.com\/impressum\/","url":"https:\/\/numerus-veritas.com\/impressum\/","name":"Imprint - Numerus Veritas","isPartOf":{"@id":"https:\/\/numerus-veritas.com\/#website"},"datePublished":"2021-09-10T07:41:54+00:00","dateModified":"2024-12-11T12:41:33+00:00","breadcrumb":{"@id":"https:\/\/numerus-veritas.com\/impressum\/#breadcrumb"},"inLanguage":"en-GB","potentialAction":[{"@type":"ReadAction","target":["https:\/\/numerus-veritas.com\/impressum\/"]}]},{"@type":"BreadcrumbList","@id":"https:\/\/numerus-veritas.com\/impressum\/#breadcrumb","itemListElement":[{"@type":"ListItem","position":1,"name":"Home","item":"https:\/\/numerus-veritas.com\/"},{"@type":"ListItem","position":2,"name":"Impressum"}]},{"@type":"WebSite","@id":"https:\/\/numerus-veritas.com\/#website","url":"https:\/\/numerus-veritas.com\/","name":"Numerus Veritas","description":"Pricing! Not Guessing","publisher":{"@id":"https:\/\/numerus-veritas.com\/#organization"},"potentialAction":[{"@type":"SearchAction","target":{"@type":"EntryPoint","urlTemplate":"https:\/\/numerus-veritas.com\/?s={search_term_string}"},"query-input":{"@type":"PropertyValueSpecification","valueRequired":true,"valueName":"search_term_string"}}],"inLanguage":"en-GB"},{"@type":"Organization","@id":"https:\/\/numerus-veritas.com\/#organization","name":"Numerus Veritas","url":"https:\/\/numerus-veritas.com\/","logo":{"@type":"ImageObject","inLanguage":"en-GB","@id":"https:\/\/numerus-veritas.com\/#\/schema\/logo\/image\/","url":"https:\/\/numerus-veritas.com\/wp-content\/uploads\/2024\/09\/Logo_Numerus-Veritas.png","contentUrl":"https:\/\/numerus-veritas.com\/wp-content\/uploads\/2024\/09\/Logo_Numerus-Veritas.png","width":120,"height":120,"caption":"Numerus Veritas"},"image":{"@id":"https:\/\/numerus-veritas.com\/#\/schema\/logo\/image\/"}}]}},"_links":{"self":[{"href":"https:\/\/numerus-veritas.com\/en\/wp-json\/wp\/v2\/pages\/5304","targetHints":{"allow":["GET"]}}],"collection":[{"href":"https:\/\/numerus-veritas.com\/en\/wp-json\/wp\/v2\/pages"}],"about":[{"href":"https:\/\/numerus-veritas.com\/en\/wp-json\/wp\/v2\/types\/page"}],"author":[{"embeddable":true,"href":"https:\/\/numerus-veritas.com\/en\/wp-json\/wp\/v2\/users\/4"}],"replies":[{"embeddable":true,"href":"https:\/\/numerus-veritas.com\/en\/wp-json\/wp\/v2\/comments?post=5304"}],"version-history":[{"count":0,"href":"https:\/\/numerus-veritas.com\/en\/wp-json\/wp\/v2\/pages\/5304\/revisions"}],"wp:attachment":[{"href":"https:\/\/numerus-veritas.com\/en\/wp-json\/wp\/v2\/media?parent=5304"}],"curies":[{"name":"wp","href":"https:\/\/api.w.org\/{rel}","templated":true}]}}